{"id":1680,"date":"2024-06-17T17:11:16","date_gmt":"2024-06-17T15:11:16","guid":{"rendered":"https:\/\/plethoreetbalthazar-restaurant.com\/?page_id=1680"},"modified":"2024-08-28T11:11:57","modified_gmt":"2024-08-28T09:11:57","slug":"carrieres","status":"publish","type":"page","link":"https:\/\/plethoreetbalthazar-restaurant.com\/index.php\/carrieres\/","title":{"rendered":"Carri\u00e8res"},"content":{"rendered":"\t\t<div data-elementor-type=\"wp-page\" data-elementor-id=\"1680\" class=\"elementor elementor-1680\" data-elementor-post-type=\"page\">\n\t\t\t\t<div class=\"elementor-element elementor-element-4788e83 e-flex e-con-boxed e-con e-parent\" data-id=\"4788e83\" data-element_type=\"container\" data-e-type=\"container\">\n\t\t\t\t\t<div class=\"e-con-inner\">\n\t\t\t\t<div class=\"elementor-element elementor-element-7e1077c elementor-widget__width-initial elementor-widget elementor-widget-heading\" data-id=\"7e1077c\" data-element_type=\"widget\" data-e-type=\"widget\" data-widget_type=\"heading.default\">\n\t\t\t\t<div class=\"elementor-widget-container\">\n\t\t\t\t\t<h1 class=\"elementor-heading-title elementor-size-default\">CARRI\u00c8RES<\/h1>\t\t\t\t<\/div>\n\t\t\t\t<\/div>\n\t\t\t\t\t<\/div>\n\t\t\t\t<\/div>\n\t\t<div class=\"elementor-element elementor-element-d63f1b3 e-con-full e-flex e-con e-parent\" data-id=\"d63f1b3\" data-element_type=\"container\" data-e-type=\"container\" data-settings=\"{&quot;background_background&quot;:&quot;classic&quot;}\">\n\t\t<div class=\"elementor-element elementor-element-5096788 e-con-full e-flex e-con e-child\" data-id=\"5096788\" data-element_type=\"container\" data-e-type=\"container\" data-settings=\"{&quot;background_background&quot;:&quot;classic&quot;}\">\n\t\t\t\t<\/div>\n\t\t<div class=\"elementor-element elementor-element-2bd8555 e-con-full e-flex e-con e-child\" data-id=\"2bd8555\" data-element_type=\"container\" data-e-type=\"container\">\n\t\t\t\t<div class=\"elementor-element elementor-element-e705933 elementor-hidden-desktop elementor-hidden-tablet elementor-widget elementor-widget-spacer\" data-id=\"e705933\" data-element_type=\"widget\" data-e-type=\"widget\" data-widget_type=\"spacer.default\">\n\t\t\t\t<div class=\"elementor-widget-container\">\n\t\t\t\t\t\t\t<div class=\"elementor-spacer\">\n\t\t\t<div class=\"elementor-spacer-inner\"><\/div>\n\t\t<\/div>\n\t\t\t\t\t\t<\/div>\n\t\t\t\t<\/div>\n\t\t\t\t<div class=\"elementor-element elementor-element-39a129e elementor-widget__width-initial elementor-widget elementor-widget-heading\" data-id=\"39a129e\" data-element_type=\"widget\" data-e-type=\"widget\" data-widget_type=\"heading.default\">\n\t\t\t\t<div class=\"elementor-widget-container\">\n\t\t\t\t\t<h2 class=\"elementor-heading-title elementor-size-default\">REJOIGNEZ L'\u00c9QUIPE DE<br>PL\u00c9THORE &amp; BALTHAZAR LYON<\/h2>\t\t\t\t<\/div>\n\t\t\t\t<\/div>\n\t\t\t\t<div class=\"elementor-element elementor-element-03f699b elementor-widget elementor-widget-text-editor\" data-id=\"03f699b\" data-element_type=\"widget\" data-e-type=\"widget\" data-widget_type=\"text-editor.default\">\n\t\t\t\t<div class=\"elementor-widget-container\">\n\t\t\t\t\t\t\t\t\t<p>Nous serons ravis de vous r\u00e9pondre !\u00a0<\/p>\t\t\t\t\t\t\t\t<\/div>\n\t\t\t\t<\/div>\n\t\t\t\t<div class=\"elementor-element elementor-element-873e657 elementor-button-align-start elementor-tablet-button-align-center elementor-widget__width-initial elementor-widget elementor-widget-form\" data-id=\"873e657\" data-element_type=\"widget\" data-e-type=\"widget\" data-settings=\"{&quot;step_next_label&quot;:&quot;Next&quot;,&quot;step_previous_label&quot;:&quot;Previous&quot;,&quot;button_width&quot;:&quot;100&quot;,&quot;step_type&quot;:&quot;number_text&quot;,&quot;step_icon_shape&quot;:&quot;circle&quot;}\" data-widget_type=\"form.default\">\n\t\t\t\t<div class=\"elementor-widget-container\">\n\t\t\t\t\t\t\t<form class=\"elementor-form\" method=\"post\" name=\"Contact Form\" aria-label=\"Contact Form\">\n\t\t\t<input type=\"hidden\" name=\"post_id\" value=\"1680\"\/>\n\t\t\t<input type=\"hidden\" name=\"form_id\" value=\"873e657\"\/>\n\t\t\t<input type=\"hidden\" name=\"referer_title\" value=\"Carri\u00e8res - Pl\u00e9thore &amp; Balthazar - Restaurant\" \/>\n\n\t\t\t\t\t\t\t<input type=\"hidden\" name=\"queried_id\" value=\"1680\"\/>\n\t\t\t\n\t\t\t<div class=\"elementor-form-fields-wrapper elementor-labels-above\">\n\t\t\t\t\t\t\t\t<div class=\"elementor-field-type-text elementor-field-group elementor-column elementor-field-group-name elementor-col-50 elementor-field-required elementor-mark-required\">\n\t\t\t\t\t\t\t\t\t\t\t\t<label for=\"form-field-name\" class=\"elementor-field-label\">\n\t\t\t\t\t\t\t\tVOTRE PR\u00c9NOM\t\t\t\t\t\t\t<\/label>\n\t\t\t\t\t\t\t\t\t\t\t\t\t\t<input size=\"1\" type=\"text\" name=\"form_fields[name]\" id=\"form-field-name\" class=\"elementor-field elementor-size-sm  elementor-field-textual\" placeholder=\"Pr\u00e9nom\" required=\"required\">\n\t\t\t\t\t\t\t\t\t\t\t<\/div>\n\t\t\t\t\t\t\t\t<div class=\"elementor-field-type-text elementor-field-group elementor-column elementor-field-group-field_b743cd7 elementor-col-50 elementor-field-required elementor-mark-required\">\n\t\t\t\t\t\t\t\t\t\t\t\t<label for=\"form-field-field_b743cd7\" class=\"elementor-field-label\">\n\t\t\t\t\t\t\t\tVOTRE NOM\t\t\t\t\t\t\t<\/label>\n\t\t\t\t\t\t\t\t\t\t\t\t\t\t<input size=\"1\" type=\"text\" name=\"form_fields[field_b743cd7]\" id=\"form-field-field_b743cd7\" class=\"elementor-field elementor-size-sm  elementor-field-textual\" placeholder=\"Nom\" required=\"required\">\n\t\t\t\t\t\t\t\t\t\t\t<\/div>\n\t\t\t\t\t\t\t\t<div class=\"elementor-field-type-tel elementor-field-group elementor-column elementor-field-group-field_6c180a9 elementor-col-50 elementor-field-required elementor-mark-required\">\n\t\t\t\t\t\t\t\t\t\t\t\t<label for=\"form-field-field_6c180a9\" class=\"elementor-field-label\">\n\t\t\t\t\t\t\t\tVOTRE NUM\u00c9RO DE T\u00c9L\u00c9PHONE\t\t\t\t\t\t\t<\/label>\n\t\t\t\t\t\t\t\t<input size=\"1\" type=\"tel\" name=\"form_fields[field_6c180a9]\" id=\"form-field-field_6c180a9\" class=\"elementor-field elementor-size-sm  elementor-field-textual\" placeholder=\"T\u00e9l\u00e9phone\" required=\"required\" pattern=\"[0-9()#&amp;+*-=.]+\" title=\"Seuls les caract\u00e8res de num\u00e9ros de t\u00e9l\u00e9phone (#, -, *, etc.) sont accept\u00e9s.\">\n\n\t\t\t\t\t\t<\/div>\n\t\t\t\t\t\t\t\t<div class=\"elementor-field-type-email elementor-field-group elementor-column elementor-field-group-email elementor-col-50 elementor-field-required elementor-mark-required\">\n\t\t\t\t\t\t\t\t\t\t\t\t<label for=\"form-field-email\" class=\"elementor-field-label\">\n\t\t\t\t\t\t\t\tVOTRE ADRESSE MAIL\t\t\t\t\t\t\t<\/label>\n\t\t\t\t\t\t\t\t\t\t\t\t\t\t<input size=\"1\" type=\"email\" name=\"form_fields[email]\" id=\"form-field-email\" class=\"elementor-field elementor-size-sm  elementor-field-textual\" placeholder=\"Email*\" required=\"required\">\n\t\t\t\t\t\t\t\t\t\t\t<\/div>\n\t\t\t\t\t\t\t\t<div class=\"elementor-field-type-textarea elementor-field-group elementor-column elementor-field-group-message elementor-col-100\">\n\t\t\t\t\t\t\t\t\t\t\t\t<label for=\"form-field-message\" class=\"elementor-field-label\">\n\t\t\t\t\t\t\t\tVOTRE CANDIDATURE\t\t\t\t\t\t\t<\/label>\n\t\t\t\t\t\t<textarea class=\"elementor-field-textual elementor-field  elementor-size-sm\" name=\"form_fields[message]\" id=\"form-field-message\" rows=\"4\" placeholder=\"Ajoutez vos commentaires ici ...\"><\/textarea>\t\t\t\t<\/div>\n\t\t\t\t\t\t\t\t<div class=\"elementor-field-type-upload elementor-field-group elementor-column elementor-field-group-field_a7fdc9c elementor-col-100\">\n\t\t\t\t\t\t\t\t\t\t\t\t<label for=\"form-field-field_a7fdc9c\" class=\"elementor-field-label\">\n\t\t\t\t\t\t\t\tD\u00c9POSEZ VOTRE CV\t\t\t\t\t\t\t<\/label>\n\t\t\t\t\t\t\t\t<input type=\"file\" name=\"form_fields[field_a7fdc9c]\" id=\"form-field-field_a7fdc9c\" class=\"elementor-field elementor-size-sm  elementor-upload-field\">\n\n\t\t\t\t\t\t<\/div>\n\t\t\t\t\t\t\t\t<div class=\"elementor-field-type-checkbox elementor-field-group elementor-column elementor-field-group-field_6e9ca01 elementor-col-100\">\n\t\t\t\t\t<div class=\"elementor-field-subgroup  \"><span class=\"elementor-field-option\"><input type=\"checkbox\" value=\"J&#039;ai lu et j&#039;accepte la Politique de Confidentialit\u00e9. \" id=\"form-field-field_6e9ca01-0\" name=\"form_fields[field_6e9ca01]\"> <label for=\"form-field-field_6e9ca01-0\">J'ai lu et j'accepte la Politique de Confidentialit\u00e9. <\/label><\/span><\/div>\t\t\t\t<\/div>\n\t\t\t\t\t\t\t\t<div class=\"elementor-field-group elementor-column elementor-field-type-submit elementor-col-100 e-form__buttons\">\n\t\t\t\t\t<button class=\"elementor-button elementor-size-sm\" type=\"submit\">\n\t\t\t\t\t\t<span class=\"elementor-button-content-wrapper\">\n\t\t\t\t\t\t\t\t\t\t\t\t\t\t\t\t\t\t\t\t\t\t<span class=\"elementor-button-text\">ENVOYER MA CANDIDATURE<\/span>\n\t\t\t\t\t\t\t\t\t\t\t\t\t<\/span>\n\t\t\t\t\t<\/button>\n\t\t\t\t<\/div>\n\t\t\t<\/div>\n\t\t<\/form>\n\t\t\t\t\t\t<\/div>\n\t\t\t\t<\/div>\n\t\t\t\t<\/div>\n\t\t\t\t<\/div>\n\t\t<div class=\"elementor-element elementor-element-25de191 e-flex e-con-boxed e-con e-parent\" data-id=\"25de191\" data-element_type=\"container\" data-e-type=\"container\">\n\t\t\t\t\t<div class=\"e-con-inner\">\n\t\t\t\t<div class=\"elementor-element elementor-element-d0c15fd elementor-widget elementor-widget-spacer\" data-id=\"d0c15fd\" data-element_type=\"widget\" data-e-type=\"widget\" data-widget_type=\"spacer.default\">\n\t\t\t\t<div class=\"elementor-widget-container\">\n\t\t\t\t\t\t\t<div class=\"elementor-spacer\">\n\t\t\t<div class=\"elementor-spacer-inner\"><\/div>\n\t\t<\/div>\n\t\t\t\t\t\t<\/div>\n\t\t\t\t<\/div>\n\t\t\t\t\t<\/div>\n\t\t\t\t<\/div>\n\t\t\t\t<\/div>\n\t\t","protected":false},"excerpt":{"rendered":"<p>CARRI\u00c8RES REJOIGNEZ L&rsquo;\u00c9QUIPE DEPL\u00c9THORE &amp; BALTHAZAR LYON Nous serons ravis de vous r\u00e9pondre !\u00a0<\/p>\n","protected":false},"author":1,"featured_media":0,"parent":0,"menu_order":0,"comment_status":"closed","ping_status":"closed","template":"","meta":{"footnotes":""},"class_list":["post-1680","page","type-page","status-publish","hentry"],"yoast_head":"<!-- This site is optimized with the Yoast SEO plugin v27.4 - https:\/\/yoast.com\/product\/yoast-seo-wordpress\/ -->\n<title>Carri\u00e8res - Pl\u00e9thore &amp; Balthazar - Restaurant<\/title>\n<meta name=\"description\" content=\"Vous \u00eates \u00e0 la recherche d&#039;un travail au sein d&#039;un \u00e9tablissement dynamique ? Rejoignez l&#039;\u00e9quipe de Pl\u00e9thore &amp; Balthazar !\" \/>\n<meta name=\"robots\" content=\"index, follow, max-snippet:-1, max-image-preview:large, max-video-preview:-1\" \/>\n<link rel=\"canonical\" href=\"https:\/\/plethoreetbalthazar-restaurant.com\/index.php\/carrieres\/\" \/>\n<meta property=\"og:locale\" content=\"fr_FR\" \/>\n<meta property=\"og:type\" content=\"article\" \/>\n<meta property=\"og:title\" content=\"Carri\u00e8res - Pl\u00e9thore &amp; Balthazar - Restaurant\" \/>\n<meta property=\"og:description\" content=\"Vous \u00eates \u00e0 la recherche d&#039;un travail au sein d&#039;un \u00e9tablissement dynamique ? Rejoignez l&#039;\u00e9quipe de Pl\u00e9thore &amp; Balthazar !\" \/>\n<meta property=\"og:url\" content=\"https:\/\/plethoreetbalthazar-restaurant.com\/index.php\/carrieres\/\" \/>\n<meta property=\"og:site_name\" content=\"Pl\u00e9thore &amp; Balthazar - Restaurant\" \/>\n<meta property=\"article:modified_time\" content=\"2024-08-28T09:11:57+00:00\" \/>\n<meta name=\"twitter:card\" content=\"summary_large_image\" \/>\n<meta name=\"twitter:label1\" content=\"Dur\u00e9e de lecture estim\u00e9e\" \/>\n\t<meta name=\"twitter:data1\" content=\"1 minute\" \/>\n<script type=\"application\/ld+json\" class=\"yoast-schema-graph\">{\"@context\":\"https:\\\/\\\/schema.org\",\"@graph\":[{\"@type\":\"WebPage\",\"@id\":\"https:\\\/\\\/plethoreetbalthazar-restaurant.com\\\/index.php\\\/carrieres\\\/\",\"url\":\"https:\\\/\\\/plethoreetbalthazar-restaurant.com\\\/index.php\\\/carrieres\\\/\",\"name\":\"Carri\u00e8res - Pl\u00e9thore &amp; Balthazar - Restaurant\",\"isPartOf\":{\"@id\":\"https:\\\/\\\/plethoreetbalthazar-restaurant.com\\\/#website\"},\"datePublished\":\"2024-06-17T15:11:16+00:00\",\"dateModified\":\"2024-08-28T09:11:57+00:00\",\"description\":\"Vous \u00eates \u00e0 la recherche d'un travail au sein d'un \u00e9tablissement dynamique ? Rejoignez l'\u00e9quipe de Pl\u00e9thore & Balthazar !\",\"breadcrumb\":{\"@id\":\"https:\\\/\\\/plethoreetbalthazar-restaurant.com\\\/index.php\\\/carrieres\\\/#breadcrumb\"},\"inLanguage\":\"fr-FR\",\"potentialAction\":[{\"@type\":\"ReadAction\",\"target\":[\"https:\\\/\\\/plethoreetbalthazar-restaurant.com\\\/index.php\\\/carrieres\\\/\"]}]},{\"@type\":\"BreadcrumbList\",\"@id\":\"https:\\\/\\\/plethoreetbalthazar-restaurant.com\\\/index.php\\\/carrieres\\\/#breadcrumb\",\"itemListElement\":[{\"@type\":\"ListItem\",\"position\":1,\"name\":\"Accueil\",\"item\":\"https:\\\/\\\/plethoreetbalthazar-restaurant.com\\\/\"},{\"@type\":\"ListItem\",\"position\":2,\"name\":\"Carri\u00e8res\"}]},{\"@type\":\"WebSite\",\"@id\":\"https:\\\/\\\/plethoreetbalthazar-restaurant.com\\\/#website\",\"url\":\"https:\\\/\\\/plethoreetbalthazar-restaurant.com\\\/\",\"name\":\"Pl\u00e9thore &amp; Balthazar - Restaurant\",\"description\":\"Le rendez-vous du 2\u00e8me arrondissement de Lyon\",\"publisher\":{\"@id\":\"https:\\\/\\\/plethoreetbalthazar-restaurant.com\\\/#organization\"},\"potentialAction\":[{\"@type\":\"SearchAction\",\"target\":{\"@type\":\"EntryPoint\",\"urlTemplate\":\"https:\\\/\\\/plethoreetbalthazar-restaurant.com\\\/?s={search_term_string}\"},\"query-input\":{\"@type\":\"PropertyValueSpecification\",\"valueRequired\":true,\"valueName\":\"search_term_string\"}}],\"inLanguage\":\"fr-FR\"},{\"@type\":\"Organization\",\"@id\":\"https:\\\/\\\/plethoreetbalthazar-restaurant.com\\\/#organization\",\"name\":\"Pl\u00e9thore &amp; Balthazar - Restaurant\",\"url\":\"https:\\\/\\\/plethoreetbalthazar-restaurant.com\\\/\",\"logo\":{\"@type\":\"ImageObject\",\"inLanguage\":\"fr-FR\",\"@id\":\"https:\\\/\\\/plethoreetbalthazar-restaurant.com\\\/#\\\/schema\\\/logo\\\/image\\\/\",\"url\":\"https:\\\/\\\/plethoreetbalthazar-restaurant.com\\\/wp-content\\\/uploads\\\/2024\\\/06\\\/Logotypes-PB.gif\",\"contentUrl\":\"https:\\\/\\\/plethoreetbalthazar-restaurant.com\\\/wp-content\\\/uploads\\\/2024\\\/06\\\/Logotypes-PB.gif\",\"width\":1665,\"height\":250,\"caption\":\"Pl\u00e9thore &amp; Balthazar - Restaurant\"},\"image\":{\"@id\":\"https:\\\/\\\/plethoreetbalthazar-restaurant.com\\\/#\\\/schema\\\/logo\\\/image\\\/\"}}]}<\/script>\n<!-- \/ Yoast SEO plugin. -->","yoast_head_json":{"title":"Carri\u00e8res - Pl\u00e9thore &amp; Balthazar - Restaurant","description":"Vous \u00eates \u00e0 la recherche d'un travail au sein d'un \u00e9tablissement dynamique ? Rejoignez l'\u00e9quipe de Pl\u00e9thore & Balthazar !","robots":{"index":"index","follow":"follow","max-snippet":"max-snippet:-1","max-image-preview":"max-image-preview:large","max-video-preview":"max-video-preview:-1"},"canonical":"https:\/\/plethoreetbalthazar-restaurant.com\/index.php\/carrieres\/","og_locale":"fr_FR","og_type":"article","og_title":"Carri\u00e8res - Pl\u00e9thore &amp; Balthazar - Restaurant","og_description":"Vous \u00eates \u00e0 la recherche d'un travail au sein d'un \u00e9tablissement dynamique ? Rejoignez l'\u00e9quipe de Pl\u00e9thore & Balthazar !","og_url":"https:\/\/plethoreetbalthazar-restaurant.com\/index.php\/carrieres\/","og_site_name":"Pl\u00e9thore &amp; Balthazar - Restaurant","article_modified_time":"2024-08-28T09:11:57+00:00","twitter_card":"summary_large_image","twitter_misc":{"Dur\u00e9e de lecture estim\u00e9e":"1 minute"},"schema":{"@context":"https:\/\/schema.org","@graph":[{"@type":"WebPage","@id":"https:\/\/plethoreetbalthazar-restaurant.com\/index.php\/carrieres\/","url":"https:\/\/plethoreetbalthazar-restaurant.com\/index.php\/carrieres\/","name":"Carri\u00e8res - Pl\u00e9thore &amp; Balthazar - Restaurant","isPartOf":{"@id":"https:\/\/plethoreetbalthazar-restaurant.com\/#website"},"datePublished":"2024-06-17T15:11:16+00:00","dateModified":"2024-08-28T09:11:57+00:00","description":"Vous \u00eates \u00e0 la recherche d'un travail au sein d'un \u00e9tablissement dynamique ? Rejoignez l'\u00e9quipe de Pl\u00e9thore & Balthazar !","breadcrumb":{"@id":"https:\/\/plethoreetbalthazar-restaurant.com\/index.php\/carrieres\/#breadcrumb"},"inLanguage":"fr-FR","potentialAction":[{"@type":"ReadAction","target":["https:\/\/plethoreetbalthazar-restaurant.com\/index.php\/carrieres\/"]}]},{"@type":"BreadcrumbList","@id":"https:\/\/plethoreetbalthazar-restaurant.com\/index.php\/carrieres\/#breadcrumb","itemListElement":[{"@type":"ListItem","position":1,"name":"Accueil","item":"https:\/\/plethoreetbalthazar-restaurant.com\/"},{"@type":"ListItem","position":2,"name":"Carri\u00e8res"}]},{"@type":"WebSite","@id":"https:\/\/plethoreetbalthazar-restaurant.com\/#website","url":"https:\/\/plethoreetbalthazar-restaurant.com\/","name":"Pl\u00e9thore &amp; Balthazar - Restaurant","description":"Le rendez-vous du 2\u00e8me arrondissement de Lyon","publisher":{"@id":"https:\/\/plethoreetbalthazar-restaurant.com\/#organization"},"potentialAction":[{"@type":"SearchAction","target":{"@type":"EntryPoint","urlTemplate":"https:\/\/plethoreetbalthazar-restaurant.com\/?s={search_term_string}"},"query-input":{"@type":"PropertyValueSpecification","valueRequired":true,"valueName":"search_term_string"}}],"inLanguage":"fr-FR"},{"@type":"Organization","@id":"https:\/\/plethoreetbalthazar-restaurant.com\/#organization","name":"Pl\u00e9thore &amp; Balthazar - Restaurant","url":"https:\/\/plethoreetbalthazar-restaurant.com\/","logo":{"@type":"ImageObject","inLanguage":"fr-FR","@id":"https:\/\/plethoreetbalthazar-restaurant.com\/#\/schema\/logo\/image\/","url":"https:\/\/plethoreetbalthazar-restaurant.com\/wp-content\/uploads\/2024\/06\/Logotypes-PB.gif","contentUrl":"https:\/\/plethoreetbalthazar-restaurant.com\/wp-content\/uploads\/2024\/06\/Logotypes-PB.gif","width":1665,"height":250,"caption":"Pl\u00e9thore &amp; Balthazar - Restaurant"},"image":{"@id":"https:\/\/plethoreetbalthazar-restaurant.com\/#\/schema\/logo\/image\/"}}]}},"_links":{"self":[{"href":"https:\/\/plethoreetbalthazar-restaurant.com\/index.php\/wp-json\/wp\/v2\/pages\/1680","targetHints":{"allow":["GET"]}}],"collection":[{"href":"https:\/\/plethoreetbalthazar-restaurant.com\/index.php\/wp-json\/wp\/v2\/pages"}],"about":[{"href":"https:\/\/plethoreetbalthazar-restaurant.com\/index.php\/wp-json\/wp\/v2\/types\/page"}],"author":[{"embeddable":true,"href":"https:\/\/plethoreetbalthazar-restaurant.com\/index.php\/wp-json\/wp\/v2\/users\/1"}],"replies":[{"embeddable":true,"href":"https:\/\/plethoreetbalthazar-restaurant.com\/index.php\/wp-json\/wp\/v2\/comments?post=1680"}],"version-history":[{"count":20,"href":"https:\/\/plethoreetbalthazar-restaurant.com\/index.php\/wp-json\/wp\/v2\/pages\/1680\/revisions"}],"predecessor-version":[{"id":1969,"href":"https:\/\/plethoreetbalthazar-restaurant.com\/index.php\/wp-json\/wp\/v2\/pages\/1680\/revisions\/1969"}],"wp:attachment":[{"href":"https:\/\/plethoreetbalthazar-restaurant.com\/index.php\/wp-json\/wp\/v2\/media?parent=1680"}],"curies":[{"name":"wp","href":"https:\/\/api.w.org\/{rel}","templated":true}]}}